{"id":1202,"date":"2022-01-10T11:57:47","date_gmt":"2022-01-10T16:57:47","guid":{"rendered":"https:\/\/statmet.com.co\/academia\/?post_type=product&#038;p=1202"},"modified":"2022-01-10T12:00:52","modified_gmt":"2022-01-10T17:00:52","slug":"capacitacion-en-termometria-de-radiacion","status":"publish","type":"product","link":"https:\/\/statmet.com.co\/academia\/index.php\/producto\/capacitacion-en-termometria-de-radiacion\/","title":{"rendered":"Capacitaci\u00f3n en Termometr\u00eda de Radiaci\u00f3n"},"content":{"rendered":"","protected":false},"excerpt":{"rendered":"<p>Se ver\u00e1n los fundamentos de termometr\u00eda de radiaci\u00f3n, sus diferentes modelos matem\u00e1ticos y metodolog\u00edas establecidas por institutos Nacionales como el CENAM y MSL, la teor\u00eda, pr\u00e1ctica y m\u00e9todos normalizados listados y revisados durante el curso, le permitir\u00e1n, de regreso en su laboratorio, crear, mejorar u optimizar sus actuales procedimientos de medici\u00f3n de temperatura de radiancia y calibraci\u00f3n de term\u00f3metros de radiaci\u00f3n.<\/p>\n","protected":false},"featured_media":1196,"comment_status":"open","ping_status":"closed","template":"","meta":[],"product_cat":[16],"product_tag":[],"_links":{"self":[{"href":"https:\/\/statmet.com.co\/academia\/index.php\/wp-json\/wp\/v2\/product\/1202"}],"collection":[{"href":"https:\/\/statmet.com.co\/academia\/index.php\/wp-json\/wp\/v2\/product"}],"about":[{"href":"https:\/\/statmet.com.co\/academia\/index.php\/wp-json\/wp\/v2\/types\/product"}],"replies":[{"embeddable":true,"href":"https:\/\/statmet.com.co\/academia\/index.php\/wp-json\/wp\/v2\/comments?post=1202"}],"wp:featuredmedia":[{"embeddable":true,"href":"https:\/\/statmet.com.co\/academia\/index.php\/wp-json\/wp\/v2\/media\/1196"}],"wp:attachment":[{"href":"https:\/\/statmet.com.co\/academia\/index.php\/wp-json\/wp\/v2\/media?parent=1202"}],"wp:term":[{"taxonomy":"product_cat","embeddable":true,"href":"https:\/\/statmet.com.co\/academia\/index.php\/wp-json\/wp\/v2\/product_cat?post=1202"},{"taxonomy":"product_tag","embeddable":true,"href":"https:\/\/statmet.com.co\/academia\/index.php\/wp-json\/wp\/v2\/product_tag?post=1202"}],"curies":[{"name":"wp","href":"https:\/\/api.w.org\/{rel}","templated":true}]}}